{"id":2,"date":"2024-10-29T11:05:47","date_gmt":"2024-10-29T10:05:47","guid":{"rendered":"http:\/\/dinsotare.com\/?page_id=2"},"modified":"2024-11-26T13:02:20","modified_gmt":"2024-11-26T12:02:20","slug":"priser-taxor","status":"publish","type":"page","link":"https:\/\/molndalssotarna.se\/?page_id=2","title":{"rendered":"Priser &amp; taxor"},"content":{"rendered":"\n<div id=\"wp-block-themeisle-blocks-advanced-columns-7fccfef5\" class=\"wp-block-themeisle-blocks-advanced-columns alignfull has-1-columns has-desktop-equal-layout has-tablet-equal-layout has-mobile-equal-layout has-vertical-unset\"><div class=\"wp-block-themeisle-blocks-advanced-columns-overlay\"><\/div><div class=\"innerblocks-wrap\">\n<div id=\"wp-block-themeisle-blocks-advanced-column-d83a4f53\" class=\"wp-block-themeisle-blocks-advanced-column\">\n<h2 class=\"wp-block-heading has-text-align-center has-nv-site-bg-color has-text-color has-link-color wp-elements-9fb704bb846efdae3d5b9e084b589afd\">Priserna f\u00f6r sotning beslutas av kommunen. Priset best\u00e5r av tv\u00e5 delar, en grundavgift och en objektsavgift<\/h2>\n<\/div>\n<\/div><\/div>\n\n\n\n<h2 class=\"wp-block-heading\">I&nbsp;<strong>grundavgiften<\/strong>&nbsp;ing\u00e5r kostnader f\u00f6r genomsnittlig restid, bilar, porto, telefoner, administration med mera. I taxan f\u00f6r brandskyddskontroll \u00e4r grundavgiften inbakad i objektspriset. I&nbsp;<strong>objektsavgiften<\/strong>&nbsp;ing\u00e5r en genomsnittlig kostnad f\u00f6r att sota objektet och utrustning och verktyg som beh\u00f6vs f\u00f6r att utf\u00f6ra arbetet.<\/h2>\n\n\n\n<p class=\"wp-block-paragraph\">Aktuella sotningspriser i din kommun finns hos:&nbsp;<a href=\"http:\/\/www.rsgbg.se\/hem-och-fritid\/brandskyddskontroll-och-sotning\/sotning-och-rengoring\/\" target=\"_blank\" rel=\"noreferrer noopener\">R\u00e4ddningstj\u00e4nsten Storg\u00f6teborg<\/a><\/p>\n\n\n\n<div style=\"height:155px\" aria-hidden=\"true\" class=\"wp-block-spacer\"><\/div>\n\n\n\n<div id=\"wp-block-themeisle-blocks-advanced-columns-997a3a7e\" class=\"wp-block-themeisle-blocks-advanced-columns alignfull has-1-columns has-desktop-equal-layout has-tablet-equal-layout has-mobile-equal-layout has-vertical-unset\"><div class=\"wp-block-themeisle-blocks-advanced-columns-overlay\"><\/div><div class=\"innerblocks-wrap\">\n<div id=\"wp-block-themeisle-blocks-advanced-column-c85b09ee\" class=\"wp-block-themeisle-blocks-advanced-column\">\n<header class=\"wp-block-uagb-advanced-heading uagb-block-b8b1270f\"><h1 class=\"uagb-heading-text\"><a href=\"http:\/\/molndalssotarna.se\/?page_id=393\"><strong><strong><strong>L\u00e4s om oss<\/strong><\/strong><\/strong> p\u00e5 <br>M\u00f6lndal &amp; H\u00e4rryda Sotarna<\/a><\/h1><\/header>\n<\/div>\n<\/div><\/div>\n","protected":false},"excerpt":{"rendered":"<p>I&nbsp;grundavgiften&nbsp;ing\u00e5r kostnader f\u00f6r genomsnittlig restid, bilar, porto, telefoner, administration med mera. I taxan f\u00f6r brandskyddskontroll \u00e4r grundavgiften inbakad i objektspriset. I&nbsp;objektsavgiften&nbsp;ing\u00e5r en genomsnittlig kostnad f\u00f6r att sota objektet och utrustning och verktyg som beh\u00f6vs f\u00f6r att utf\u00f6ra arbetet. Aktuella sotningspriser i din kommun finns hos:&nbsp;R\u00e4ddningstj\u00e4nsten Storg\u00f6teborg<\/p>\n","protected":false},"author":2,"featured_media":510,"parent":0,"menu_order":0,"comment_status":"closed","ping_status":"closed","template":"","meta":{"_crdt_document":"","_uag_custom_page_level_css":"","neve_meta_sidebar":"","neve_meta_container":"","neve_meta_enable_content_width":"","neve_meta_content_width":0,"neve_meta_title_alignment":"","neve_meta_author_avatar":"","neve_post_elements_order":"","neve_meta_disable_header":"","neve_meta_disable_footer":"","neve_meta_disable_title":"","neve_meta_reading_time":"","_themeisle_gutenberg_block_has_review":false,"footnotes":""},"class_list":["post-2","page","type-page","status-publish","has-post-thumbnail","hentry"],"yoast_head":"<!-- This site is optimized with the Yoast SEO plugin v27.4 - https:\/\/yoast.com\/product\/yoast-seo-wordpress\/ -->\n<title>Priser &amp; taxor - M\u00f6lndal &amp; H\u00e4rryda Sotarna<\/title>\n<meta name=\"description\" content=\"Priserna f\u00f6r sotning beslutas av kommunen. Priset best\u00e5r av tv\u00e5 delar, en grundavgift och en objektsavgift.\" \/>\n<meta name=\"robots\" content=\"index, follow, max-snippet:-1, max-image-preview:large, max-video-preview:-1\" \/>\n<link rel=\"canonical\" href=\"https:\/\/molndalssotarna.se\/?page_id=2\" \/>\n<meta property=\"og:locale\" content=\"sv_SE\" \/>\n<meta property=\"og:type\" content=\"article\" \/>\n<meta property=\"og:title\" content=\"Priser &amp; taxor sotning\" \/>\n<meta property=\"og:description\" content=\"Priserna f\u00f6r sotning beslutas av kommunen. Priset best\u00e5r av tv\u00e5 delar, en grundavgift och en objektsavgift.\" \/>\n<meta property=\"og:url\" content=\"https:\/\/molndalssotarna.se\/?page_id=2\" \/>\n<meta property=\"og:site_name\" content=\"M\u00f6lndal &amp; H\u00e4rryda Sotarna\" \/>\n<meta property=\"article:publisher\" content=\"https:\/\/www.facebook.com\/profile.php?id=100054359687761\" \/>\n<meta property=\"article:modified_time\" content=\"2024-11-26T12:02:20+00:00\" \/>\n<meta property=\"og:image\" content=\"https:\/\/molndalssotarna.se\/wp-content\/uploads\/2024\/10\/Sotning-brandskydd-1.jpg\" \/>\n\t<meta property=\"og:image:width\" content=\"2000\" \/>\n\t<meta property=\"og:image:height\" content=\"700\" \/>\n\t<meta property=\"og:image:type\" content=\"image\/jpeg\" \/>\n<meta name=\"twitter:card\" content=\"summary_large_image\" \/>\n<meta name=\"twitter:label1\" content=\"Ber\u00e4knad l\u00e4stid\" \/>\n\t<meta name=\"twitter:data1\" content=\"1 minut\" \/>\n<script type=\"application\/ld+json\" class=\"yoast-schema-graph\">{\"@context\":\"https:\\\/\\\/schema.org\",\"@graph\":[{\"@type\":\"WebPage\",\"@id\":\"https:\\\/\\\/molndalssotarna.se\\\/?page_id=2\",\"url\":\"https:\\\/\\\/molndalssotarna.se\\\/?page_id=2\",\"name\":\"Priser &amp; taxor - M\u00f6lndal &amp; H\u00e4rryda Sotarna\",\"isPartOf\":{\"@id\":\"https:\\\/\\\/molndalssotarna.se\\\/#website\"},\"primaryImageOfPage\":{\"@id\":\"https:\\\/\\\/molndalssotarna.se\\\/?page_id=2#primaryimage\"},\"image\":{\"@id\":\"https:\\\/\\\/molndalssotarna.se\\\/?page_id=2#primaryimage\"},\"thumbnailUrl\":\"https:\\\/\\\/molndalssotarna.se\\\/wp-content\\\/uploads\\\/2024\\\/10\\\/Sotning-brandskydd-1.jpg\",\"datePublished\":\"2024-10-29T10:05:47+00:00\",\"dateModified\":\"2024-11-26T12:02:20+00:00\",\"description\":\"Priserna f\u00f6r sotning beslutas av kommunen. Priset best\u00e5r av tv\u00e5 delar, en grundavgift och en objektsavgift.\",\"breadcrumb\":{\"@id\":\"https:\\\/\\\/molndalssotarna.se\\\/?page_id=2#breadcrumb\"},\"inLanguage\":\"sv-SE\",\"potentialAction\":[{\"@type\":\"ReadAction\",\"target\":[\"https:\\\/\\\/molndalssotarna.se\\\/?page_id=2\"]}]},{\"@type\":\"ImageObject\",\"inLanguage\":\"sv-SE\",\"@id\":\"https:\\\/\\\/molndalssotarna.se\\\/?page_id=2#primaryimage\",\"url\":\"https:\\\/\\\/molndalssotarna.se\\\/wp-content\\\/uploads\\\/2024\\\/10\\\/Sotning-brandskydd-1.jpg\",\"contentUrl\":\"https:\\\/\\\/molndalssotarna.se\\\/wp-content\\\/uploads\\\/2024\\\/10\\\/Sotning-brandskydd-1.jpg\",\"width\":2000,\"height\":700,\"caption\":\"Samlingsbild \u00f6ver sotarens utrustning: dammsugare, pl\u00e5tk\u00e4rl och t\u00f6j, som \u00e4r sotarverktygens namn. I bakgrunden syns en kakelugn\"},{\"@type\":\"BreadcrumbList\",\"@id\":\"https:\\\/\\\/molndalssotarna.se\\\/?page_id=2#breadcrumb\",\"itemListElement\":[{\"@type\":\"ListItem\",\"position\":1,\"name\":\"Hem\",\"item\":\"http:\\\/\\\/molndalssotarna.se\\\/\"},{\"@type\":\"ListItem\",\"position\":2,\"name\":\"Priser &amp; taxor\"}]},{\"@type\":\"WebSite\",\"@id\":\"https:\\\/\\\/molndalssotarna.se\\\/#website\",\"url\":\"https:\\\/\\\/molndalssotarna.se\\\/\",\"name\":\"M\u00f6lndal & H\u00e4rryda Sotarna\",\"description\":\"\",\"publisher\":{\"@id\":\"https:\\\/\\\/molndalssotarna.se\\\/#organization\"},\"potentialAction\":[{\"@type\":\"SearchAction\",\"target\":{\"@type\":\"EntryPoint\",\"urlTemplate\":\"https:\\\/\\\/molndalssotarna.se\\\/?s={search_term_string}\"},\"query-input\":{\"@type\":\"PropertyValueSpecification\",\"valueRequired\":true,\"valueName\":\"search_term_string\"}}],\"inLanguage\":\"sv-SE\"},{\"@type\":\"Organization\",\"@id\":\"https:\\\/\\\/molndalssotarna.se\\\/#organization\",\"name\":\"M\u00f6lndal & H\u00e4rryda Sotarna\",\"url\":\"https:\\\/\\\/molndalssotarna.se\\\/\",\"logo\":{\"@type\":\"ImageObject\",\"inLanguage\":\"sv-SE\",\"@id\":\"https:\\\/\\\/molndalssotarna.se\\\/#\\\/schema\\\/logo\\\/image\\\/\",\"url\":\"http:\\\/\\\/molndalssotarna.se\\\/wp-content\\\/uploads\\\/2024\\\/11\\\/cropped-molndalssotaren-1-1.jpg\",\"contentUrl\":\"http:\\\/\\\/molndalssotarna.se\\\/wp-content\\\/uploads\\\/2024\\\/11\\\/cropped-molndalssotaren-1-1.jpg\",\"width\":512,\"height\":512,\"caption\":\"M\u00f6lndal & H\u00e4rryda Sotarna\"},\"image\":{\"@id\":\"https:\\\/\\\/molndalssotarna.se\\\/#\\\/schema\\\/logo\\\/image\\\/\"},\"sameAs\":[\"https:\\\/\\\/www.facebook.com\\\/profile.php?id=100054359687761\"]}]}<\/script>\n<!-- \/ Yoast SEO plugin. -->","yoast_head_json":{"title":"Priser &amp; taxor - M\u00f6lndal &amp; H\u00e4rryda Sotarna","description":"Priserna f\u00f6r sotning beslutas av kommunen. Priset best\u00e5r av tv\u00e5 delar, en grundavgift och en objektsavgift.","robots":{"index":"index","follow":"follow","max-snippet":"max-snippet:-1","max-image-preview":"max-image-preview:large","max-video-preview":"max-video-preview:-1"},"canonical":"https:\/\/molndalssotarna.se\/?page_id=2","og_locale":"sv_SE","og_type":"article","og_title":"Priser & taxor sotning","og_description":"Priserna f\u00f6r sotning beslutas av kommunen. Priset best\u00e5r av tv\u00e5 delar, en grundavgift och en objektsavgift.","og_url":"https:\/\/molndalssotarna.se\/?page_id=2","og_site_name":"M\u00f6lndal &amp; H\u00e4rryda Sotarna","article_publisher":"https:\/\/www.facebook.com\/profile.php?id=100054359687761","article_modified_time":"2024-11-26T12:02:20+00:00","og_image":[{"width":2000,"height":700,"url":"https:\/\/molndalssotarna.se\/wp-content\/uploads\/2024\/10\/Sotning-brandskydd-1.jpg","type":"image\/jpeg"}],"twitter_card":"summary_large_image","twitter_misc":{"Ber\u00e4knad l\u00e4stid":"1 minut"},"schema":{"@context":"https:\/\/schema.org","@graph":[{"@type":"WebPage","@id":"https:\/\/molndalssotarna.se\/?page_id=2","url":"https:\/\/molndalssotarna.se\/?page_id=2","name":"Priser &amp; taxor - M\u00f6lndal &amp; H\u00e4rryda Sotarna","isPartOf":{"@id":"https:\/\/molndalssotarna.se\/#website"},"primaryImageOfPage":{"@id":"https:\/\/molndalssotarna.se\/?page_id=2#primaryimage"},"image":{"@id":"https:\/\/molndalssotarna.se\/?page_id=2#primaryimage"},"thumbnailUrl":"https:\/\/molndalssotarna.se\/wp-content\/uploads\/2024\/10\/Sotning-brandskydd-1.jpg","datePublished":"2024-10-29T10:05:47+00:00","dateModified":"2024-11-26T12:02:20+00:00","description":"Priserna f\u00f6r sotning beslutas av kommunen. Priset best\u00e5r av tv\u00e5 delar, en grundavgift och en objektsavgift.","breadcrumb":{"@id":"https:\/\/molndalssotarna.se\/?page_id=2#breadcrumb"},"inLanguage":"sv-SE","potentialAction":[{"@type":"ReadAction","target":["https:\/\/molndalssotarna.se\/?page_id=2"]}]},{"@type":"ImageObject","inLanguage":"sv-SE","@id":"https:\/\/molndalssotarna.se\/?page_id=2#primaryimage","url":"https:\/\/molndalssotarna.se\/wp-content\/uploads\/2024\/10\/Sotning-brandskydd-1.jpg","contentUrl":"https:\/\/molndalssotarna.se\/wp-content\/uploads\/2024\/10\/Sotning-brandskydd-1.jpg","width":2000,"height":700,"caption":"Samlingsbild \u00f6ver sotarens utrustning: dammsugare, pl\u00e5tk\u00e4rl och t\u00f6j, som \u00e4r sotarverktygens namn. I bakgrunden syns en kakelugn"},{"@type":"BreadcrumbList","@id":"https:\/\/molndalssotarna.se\/?page_id=2#breadcrumb","itemListElement":[{"@type":"ListItem","position":1,"name":"Hem","item":"http:\/\/molndalssotarna.se\/"},{"@type":"ListItem","position":2,"name":"Priser &amp; taxor"}]},{"@type":"WebSite","@id":"https:\/\/molndalssotarna.se\/#website","url":"https:\/\/molndalssotarna.se\/","name":"M\u00f6lndal & H\u00e4rryda Sotarna","description":"","publisher":{"@id":"https:\/\/molndalssotarna.se\/#organization"},"potentialAction":[{"@type":"SearchAction","target":{"@type":"EntryPoint","urlTemplate":"https:\/\/molndalssotarna.se\/?s={search_term_string}"},"query-input":{"@type":"PropertyValueSpecification","valueRequired":true,"valueName":"search_term_string"}}],"inLanguage":"sv-SE"},{"@type":"Organization","@id":"https:\/\/molndalssotarna.se\/#organization","name":"M\u00f6lndal & H\u00e4rryda Sotarna","url":"https:\/\/molndalssotarna.se\/","logo":{"@type":"ImageObject","inLanguage":"sv-SE","@id":"https:\/\/molndalssotarna.se\/#\/schema\/logo\/image\/","url":"http:\/\/molndalssotarna.se\/wp-content\/uploads\/2024\/11\/cropped-molndalssotaren-1-1.jpg","contentUrl":"http:\/\/molndalssotarna.se\/wp-content\/uploads\/2024\/11\/cropped-molndalssotaren-1-1.jpg","width":512,"height":512,"caption":"M\u00f6lndal & H\u00e4rryda Sotarna"},"image":{"@id":"https:\/\/molndalssotarna.se\/#\/schema\/logo\/image\/"},"sameAs":["https:\/\/www.facebook.com\/profile.php?id=100054359687761"]}]}},"uagb_featured_image_src":{"full":["https:\/\/molndalssotarna.se\/wp-content\/uploads\/2024\/10\/Sotning-brandskydd-1.jpg",2000,700,false],"thumbnail":["https:\/\/molndalssotarna.se\/wp-content\/uploads\/2024\/10\/Sotning-brandskydd-1-150x150.jpg",150,150,true],"medium":["https:\/\/molndalssotarna.se\/wp-content\/uploads\/2024\/10\/Sotning-brandskydd-1-300x105.jpg",300,105,true],"medium_large":["https:\/\/molndalssotarna.se\/wp-content\/uploads\/2024\/10\/Sotning-brandskydd-1-768x269.jpg",768,269,true],"large":["https:\/\/molndalssotarna.se\/wp-content\/uploads\/2024\/10\/Sotning-brandskydd-1-1024x358.jpg",1024,358,true],"1536x1536":["https:\/\/molndalssotarna.se\/wp-content\/uploads\/2024\/10\/Sotning-brandskydd-1-1536x538.jpg",1536,538,true],"2048x2048":["https:\/\/molndalssotarna.se\/wp-content\/uploads\/2024\/10\/Sotning-brandskydd-1.jpg",2000,700,false],"neve-blog":["https:\/\/molndalssotarna.se\/wp-content\/uploads\/2024\/10\/Sotning-brandskydd-1-930x620.jpg",930,620,true]},"uagb_author_info":{"display_name":"Jenny Nystr\u00f6m","author_link":"https:\/\/molndalssotarna.se\/?author=2"},"uagb_comment_info":0,"uagb_excerpt":"I&nbsp;grundavgiften&nbsp;ing\u00e5r kostnader f\u00f6r genomsnittlig restid, bilar, porto, telefoner, administration med mera. I taxan f\u00f6r brandskyddskontroll \u00e4r grundavgiften inbakad i objektspriset. I&nbsp;objektsavgiften&nbsp;ing\u00e5r en genomsnittlig kostnad f\u00f6r att sota objektet och utrustning och verktyg som beh\u00f6vs f\u00f6r att utf\u00f6ra arbetet. Aktuella sotningspriser i din kommun finns hos:&nbsp;R\u00e4ddningstj\u00e4nsten Storg\u00f6teborg","_links":{"self":[{"href":"https:\/\/molndalssotarna.se\/index.php?rest_route=\/wp\/v2\/pages\/2","targetHints":{"allow":["GET"]}}],"collection":[{"href":"https:\/\/molndalssotarna.se\/index.php?rest_route=\/wp\/v2\/pages"}],"about":[{"href":"https:\/\/molndalssotarna.se\/index.php?rest_route=\/wp\/v2\/types\/page"}],"author":[{"embeddable":true,"href":"https:\/\/molndalssotarna.se\/index.php?rest_route=\/wp\/v2\/users\/2"}],"replies":[{"embeddable":true,"href":"https:\/\/molndalssotarna.se\/index.php?rest_route=%2Fwp%2Fv2%2Fcomments&post=2"}],"version-history":[{"count":7,"href":"https:\/\/molndalssotarna.se\/index.php?rest_route=\/wp\/v2\/pages\/2\/revisions"}],"predecessor-version":[{"id":1164,"href":"https:\/\/molndalssotarna.se\/index.php?rest_route=\/wp\/v2\/pages\/2\/revisions\/1164"}],"wp:featuredmedia":[{"embeddable":true,"href":"https:\/\/molndalssotarna.se\/index.php?rest_route=\/wp\/v2\/media\/510"}],"wp:attachment":[{"href":"https:\/\/molndalssotarna.se\/index.php?rest_route=%2Fwp%2Fv2%2Fmedia&parent=2"}],"curies":[{"name":"wp","href":"https:\/\/api.w.org\/{rel}","templated":true}]}}